{"id":215,"date":"2020-08-17T14:42:04","date_gmt":"2020-08-17T14:42:04","guid":{"rendered":"https:\/\/demo.creativethemes.com\/blocksy\/business\/?page_id=215"},"modified":"2024-03-14T08:35:01","modified_gmt":"2024-03-14T11:35:01","slug":"about","status":"publish","type":"page","link":"https:\/\/www.8sq.io\/index.php\/about\/","title":{"rendered":"About"},"content":{"rendered":"\t\t<div data-elementor-type=\"wp-page\" data-elementor-id=\"215\" class=\"elementor elementor-215\">\n\t\t\t\t\t\t<section class=\"elementor-section elementor-top-section elementor-element elementor-element-25b7d045 ct-section-stretched elementor-section-boxed elementor-section-height-default elementor-section-height-default\" data-id=\"25b7d045\" data-element_type=\"section\" data-e-type=\"section\" data-settings=\"{&quot;background_background&quot;:&quot;classic&quot;}\">\n\t\t\t\t\t\t\t<div class=\"elementor-background-overlay\"><\/div>\n\t\t\t\t\t\t\t<div class=\"elementor-container elementor-column-gap-default\">\n\t\t\t\t\t<div class=\"elementor-column elementor-col-100 elementor-top-column elementor-element elementor-element-36c6fc68\" data-id=\"36c6fc68\" data-element_type=\"column\" data-e-type=\"column\">\n\t\t\t<div class=\"elementor-widget-wrap elementor-element-populated\">\n\t\t\t\t\t\t<div class=\"elementor-element elementor-element-1f1a7d8f elementor-widget elementor-widget-text-editor\" data-id=\"1f1a7d8f\" data-element_type=\"widget\" data-e-type=\"widget\" data-widget_type=\"text-editor.default\">\n\t\t\t\t<div class=\"elementor-widget-container\">\n\t\t\t\t\t\t\t\t\t<p><strong>Nuestra Historia<\/strong><\/p>\t\t\t\t\t\t\t\t<\/div>\n\t\t\t\t<\/div>\n\t\t\t\t<div class=\"elementor-element elementor-element-77dcf47e elementor-widget elementor-widget-heading\" data-id=\"77dcf47e\" data-element_type=\"widget\" data-e-type=\"widget\" data-widget_type=\"heading.default\">\n\t\t\t\t<div class=\"elementor-widget-container\">\n\t\t\t\t\t<h2 class=\"elementor-heading-title elementor-size-default\">Somos arquitectos de soluciones, gerentes de proyecto, desarrolladores. Nos encanta la tecnolog\u00eda<\/h2>\t\t\t\t<\/div>\n\t\t\t\t<\/div>\n\t\t\t\t<div class=\"elementor-element elementor-element-278ad5b6 elementor-widget elementor-widget-text-editor\" data-id=\"278ad5b6\" data-element_type=\"widget\" data-e-type=\"widget\" data-widget_type=\"text-editor.default\">\n\t\t\t\t<div class=\"elementor-widget-container\">\n\t\t\t\t\t\t\t\t\t<p>Tenemos m\u00e1s de una d\u00e9cada en experiencias en variadas industrias, desde salud, hasta telecomunicaciones, produciendo soluciones y aprendiendo nuevas y variadas tecnolog\u00edas para mantenernos a la vanguardia<\/p>\t\t\t\t\t\t\t\t<\/div>\n\t\t\t\t<\/div>\n\t\t\t\t\t<\/div>\n\t\t<\/div>\n\t\t\t\t\t<\/div>\n\t\t<\/section>\n\t\t\t\t<section class=\"elementor-section elementor-top-section elementor-element elementor-element-740778b9 elementor-section-boxed elementor-section-height-default elementor-section-height-default\" data-id=\"740778b9\" data-element_type=\"section\" data-e-type=\"section\">\n\t\t\t\t\t\t<div class=\"elementor-container elementor-column-gap-no\">\n\t\t\t\t\t<div class=\"elementor-column elementor-col-100 elementor-top-column elementor-element elementor-element-34bc9c5b\" data-id=\"34bc9c5b\" data-element_type=\"column\" data-e-type=\"column\">\n\t\t\t<div class=\"elementor-widget-wrap elementor-element-populated\">\n\t\t\t\t\t\t<div class=\"elementor-element elementor-element-1f86abc9 elementor-widget elementor-widget-spacer\" data-id=\"1f86abc9\" data-element_type=\"widget\" data-e-type=\"widget\" data-widget_type=\"spacer.default\">\n\t\t\t\t<div class=\"elementor-widget-container\">\n\t\t\t\t\t\t\t<div class=\"elementor-spacer\">\n\t\t\t<div class=\"elementor-spacer-inner\"><\/div>\n\t\t<\/div>\n\t\t\t\t\t\t<\/div>\n\t\t\t\t<\/div>\n\t\t\t\t\t<\/div>\n\t\t<\/div>\n\t\t\t\t\t<\/div>\n\t\t<\/section>\n\t\t\t\t<section class=\"elementor-section elementor-top-section elementor-element elementor-element-4700119 elementor-section-content-middle elementor-section-boxed elementor-section-height-default elementor-section-height-default\" data-id=\"4700119\" data-element_type=\"section\" data-e-type=\"section\">\n\t\t\t\t\t\t<div class=\"elementor-container elementor-column-gap-wider\">\n\t\t\t\t\t<div class=\"elementor-column elementor-col-50 elementor-top-column elementor-element elementor-element-d92f798\" data-id=\"d92f798\" data-element_type=\"column\" data-e-type=\"column\">\n\t\t\t<div class=\"elementor-widget-wrap elementor-element-populated\">\n\t\t\t\t\t\t<div class=\"elementor-element elementor-element-b45421e elementor-widget elementor-widget-image\" data-id=\"b45421e\" data-element_type=\"widget\" data-e-type=\"widget\" data-widget_type=\"image.default\">\n\t\t\t\t<div class=\"elementor-widget-container\">\n\t\t\t\t\t\t\t\t\t\t\t\t\t\t\t<img fetchpriority=\"high\" decoding=\"async\" width=\"580\" height=\"680\" src=\"https:\/\/www.8sq.io\/wp-content\/uploads\/2020\/08\/jacqueline-day-1SapfOEZN2g-unsplash.png\" class=\"attachment-full size-full wp-image-223\" alt=\"\" srcset=\"https:\/\/www.8sq.io\/wp-content\/uploads\/2020\/08\/jacqueline-day-1SapfOEZN2g-unsplash.png 580w, https:\/\/www.8sq.io\/wp-content\/uploads\/2020\/08\/jacqueline-day-1SapfOEZN2g-unsplash-256x300.png 256w\" sizes=\"(max-width: 580px) 100vw, 580px\" \/>\t\t\t\t\t\t\t\t\t\t\t\t\t\t\t<\/div>\n\t\t\t\t<\/div>\n\t\t\t\t\t<\/div>\n\t\t<\/div>\n\t\t\t\t<div class=\"elementor-column elementor-col-50 elementor-top-column elementor-element elementor-element-99f25e0\" data-id=\"99f25e0\" data-element_type=\"column\" data-e-type=\"column\">\n\t\t\t<div class=\"elementor-widget-wrap elementor-element-populated\">\n\t\t\t\t\t\t<div class=\"elementor-element elementor-element-3cf15b6 elementor-widget elementor-widget-heading\" data-id=\"3cf15b6\" data-element_type=\"widget\" data-e-type=\"widget\" data-widget_type=\"heading.default\">\n\t\t\t\t<div class=\"elementor-widget-container\">\n\t\t\t\t\t<h2 class=\"elementor-heading-title elementor-size-default\">Manos a la obra<\/h2>\t\t\t\t<\/div>\n\t\t\t\t<\/div>\n\t\t\t\t<div class=\"elementor-element elementor-element-c4655f8 elementor-widget-divider--view-line elementor-widget elementor-widget-divider\" data-id=\"c4655f8\" data-element_type=\"widget\" data-e-type=\"widget\" data-widget_type=\"divider.default\">\n\t\t\t\t<div class=\"elementor-widget-container\">\n\t\t\t\t\t\t\t<div class=\"elementor-divider\">\n\t\t\t<span class=\"elementor-divider-separator\">\n\t\t\t\t\t\t<\/span>\n\t\t<\/div>\n\t\t\t\t\t\t<\/div>\n\t\t\t\t<\/div>\n\t\t\t\t<section class=\"elementor-section elementor-inner-section elementor-element elementor-element-813556f elementor-section-boxed elementor-section-height-default elementor-section-height-default\" data-id=\"813556f\" data-element_type=\"section\" data-e-type=\"section\">\n\t\t\t\t\t\t<div class=\"elementor-container elementor-column-gap-default\">\n\t\t\t\t\t<div class=\"elementor-column elementor-col-50 elementor-inner-column elementor-element elementor-element-5d4a4c3\" data-id=\"5d4a4c3\" data-element_type=\"column\" data-e-type=\"column\">\n\t\t\t<div class=\"elementor-widget-wrap elementor-element-populated\">\n\t\t\t\t\t\t<div class=\"elementor-element elementor-element-4844d5f elementor-widget elementor-widget-heading\" data-id=\"4844d5f\" data-element_type=\"widget\" data-e-type=\"widget\" data-widget_type=\"heading.default\">\n\t\t\t\t<div class=\"elementor-widget-container\">\n\t\t\t\t\t<h5 class=\"elementor-heading-title elementor-size-default\">No siempre hay solo  UN camino<\/h5>\t\t\t\t<\/div>\n\t\t\t\t<\/div>\n\t\t\t\t<div class=\"elementor-element elementor-element-f70692a elementor-widget elementor-widget-text-editor\" data-id=\"f70692a\" data-element_type=\"widget\" data-e-type=\"widget\" data-widget_type=\"text-editor.default\">\n\t\t\t\t<div class=\"elementor-widget-container\">\n\t\t\t\t\t\t\t\t\t<p class=\"MsoNormal\"><span style=\"font-family: 'Segoe UI', sans-serif; background-image: initial; background-position: initial; background-size: initial; background-repeat: initial; background-attachment: initial; background-origin: initial; background-clip: initial;\">Un \u00fanico problema puede tener m\u00faltiples soluciones, nos esforzamos por implantar aquella que reporte el mejor beneficio a todos los interesados<\/span><\/p>\t\t\t\t\t\t\t\t<\/div>\n\t\t\t\t<\/div>\n\t\t\t\t\t<\/div>\n\t\t<\/div>\n\t\t\t\t<div class=\"elementor-column elementor-col-50 elementor-inner-column elementor-element elementor-element-ea55586\" data-id=\"ea55586\" data-element_type=\"column\" data-e-type=\"column\">\n\t\t\t<div class=\"elementor-widget-wrap elementor-element-populated\">\n\t\t\t\t\t\t<div class=\"elementor-element elementor-element-864511c elementor-widget elementor-widget-heading\" data-id=\"864511c\" data-element_type=\"widget\" data-e-type=\"widget\" data-widget_type=\"heading.default\">\n\t\t\t\t<div class=\"elementor-widget-container\">\n\t\t\t\t\t<h5 class=\"elementor-heading-title elementor-size-default\">Orden y Desorden<\/h5>\t\t\t\t<\/div>\n\t\t\t\t<\/div>\n\t\t\t\t<div class=\"elementor-element elementor-element-68ad0bf elementor-widget elementor-widget-text-editor\" data-id=\"68ad0bf\" data-element_type=\"widget\" data-e-type=\"widget\" data-widget_type=\"text-editor.default\">\n\t\t\t\t<div class=\"elementor-widget-container\">\n\t\t\t\t\t\t\t\t\t<p class=\"MsoNormal\"><span style=\"font-family: 'Segoe UI', sans-serif; background-image: initial; background-position: initial; background-size: initial; background-repeat: initial; background-attachment: initial; background-origin: initial; background-clip: initial;\">El camino a una buena soluci\u00f3n se pavimenta con una buena planificaci\u00f3n, sin embargo, son los momentos de \u201cdesorden\u201d que de forma controlada abren paso a la innovaci\u00f3n\u00a0<\/span><\/p>\t\t\t\t\t\t\t\t<\/div>\n\t\t\t\t<\/div>\n\t\t\t\t\t<\/div>\n\t\t<\/div>\n\t\t\t\t\t<\/div>\n\t\t<\/section>\n\t\t\t\t<section class=\"elementor-section elementor-inner-section elementor-element elementor-element-0f42e93 elementor-section-boxed elementor-section-height-default elementor-section-height-default\" data-id=\"0f42e93\" data-element_type=\"section\" data-e-type=\"section\">\n\t\t\t\t\t\t<div class=\"elementor-container elementor-column-gap-default\">\n\t\t\t\t\t<div class=\"elementor-column elementor-col-50 elementor-inner-column elementor-element elementor-element-dc1116f\" data-id=\"dc1116f\" data-element_type=\"column\" data-e-type=\"column\">\n\t\t\t<div class=\"elementor-widget-wrap elementor-element-populated\">\n\t\t\t\t\t\t<div class=\"elementor-element elementor-element-74973b4 elementor-widget elementor-widget-heading\" data-id=\"74973b4\" data-element_type=\"widget\" data-e-type=\"widget\" data-widget_type=\"heading.default\">\n\t\t\t\t<div class=\"elementor-widget-container\">\n\t\t\t\t\t<h5 class=\"elementor-heading-title elementor-size-default\">Mirada al futuro<\/h5>\t\t\t\t<\/div>\n\t\t\t\t<\/div>\n\t\t\t\t<div class=\"elementor-element elementor-element-4a132bc elementor-widget elementor-widget-text-editor\" data-id=\"4a132bc\" data-element_type=\"widget\" data-e-type=\"widget\" data-widget_type=\"text-editor.default\">\n\t\t\t\t<div class=\"elementor-widget-container\">\n\t\t\t\t\t\t\t\t\t<p class=\"MsoNormal\"><span style=\"font-family: 'Segoe UI', sans-serif; background-image: initial; background-position: initial; background-size: initial; background-repeat: initial; background-attachment: initial; background-origin: initial; background-clip: initial;\">La tecnolog\u00eda avanza y nosotros con ella. No porque estemos c\u00f3modos y acostumbrados a una formula dejaremos de internar otras.<\/span><\/p>\t\t\t\t\t\t\t\t<\/div>\n\t\t\t\t<\/div>\n\t\t\t\t\t<\/div>\n\t\t<\/div>\n\t\t\t\t<div class=\"elementor-column elementor-col-50 elementor-inner-column elementor-element elementor-element-b112231\" data-id=\"b112231\" data-element_type=\"column\" data-e-type=\"column\">\n\t\t\t<div class=\"elementor-widget-wrap elementor-element-populated\">\n\t\t\t\t\t\t\t<\/div>\n\t\t<\/div>\n\t\t\t\t\t<\/div>\n\t\t<\/section>\n\t\t\t\t\t<\/div>\n\t\t<\/div>\n\t\t\t\t\t<\/div>\n\t\t<\/section>\n\t\t\t\t<section class=\"elementor-section elementor-top-section elementor-element elementor-element-715ab40f elementor-section-boxed elementor-section-height-default elementor-section-height-default\" data-id=\"715ab40f\" data-element_type=\"section\" data-e-type=\"section\">\n\t\t\t\t\t\t<div class=\"elementor-container elementor-column-gap-no\">\n\t\t\t\t\t<div class=\"elementor-column elementor-col-100 elementor-top-column elementor-element elementor-element-43f5e26c\" data-id=\"43f5e26c\" data-element_type=\"column\" data-e-type=\"column\">\n\t\t\t<div class=\"elementor-widget-wrap elementor-element-populated\">\n\t\t\t\t\t\t<div class=\"elementor-element elementor-element-3a3cb2db elementor-widget elementor-widget-spacer\" data-id=\"3a3cb2db\" data-element_type=\"widget\" data-e-type=\"widget\" data-widget_type=\"spacer.default\">\n\t\t\t\t<div class=\"elementor-widget-container\">\n\t\t\t\t\t\t\t<div class=\"elementor-spacer\">\n\t\t\t<div class=\"elementor-spacer-inner\"><\/div>\n\t\t<\/div>\n\t\t\t\t\t\t<\/div>\n\t\t\t\t<\/div>\n\t\t\t\t\t<\/div>\n\t\t<\/div>\n\t\t\t\t\t<\/div>\n\t\t<\/section>\n\t\t\t\t<\/div>\n\t\t","protected":false},"excerpt":{"rendered":"<p>Nuestra Historia Somos arquitectos de soluciones, gerentes de proyecto, desarrolladores. Nos encanta la tecnolog\u00eda Tenemos m\u00e1s de una d\u00e9cada en experiencias en variadas industrias, desde salud, hasta telecomunicaciones, produciendo soluciones y aprendiendo nuevas y variadas tecnolog\u00edas para mantenernos a la vanguardia Manos a la obra No siempre hay solo UN camino Un \u00fanico problema puede [&hellip;]<\/p>\n","protected":false},"author":1,"featured_media":0,"parent":0,"menu_order":0,"comment_status":"closed","ping_status":"closed","template":"","meta":{"footnotes":""},"class_list":["post-215","page","type-page","status-publish","hentry"],"blocksy_meta":{"page_title_panel":"","has_hero_section":"disabled","0df2dca53447789c9966a9ee2482ae8e":"","hero_section":"type-1","hero_elements":[{"id":"custom_title","enabled":true,"heading_tag":"h1","title":"Home"},{"id":"custom_description","enabled":true,"description_visibility":{"desktop":true,"tablet":true,"mobile":false}},{"id":"custom_meta","enabled":false,"meta_elements":[{"id":"author","enabled":true,"label":"By","has_author_avatar":"yes","avatar_size":25},{"id":"post_date","enabled":true,"label":"On","date_format_source":"default","date_format":"M j, Y"},{"id":"comments","enabled":true}],"page_meta_elements":{"joined":true,"articles_count":true,"comments":true}},{"id":"breadcrumbs","enabled":false}],"9a068402903147dab0312ed721d813d1":"","hero_alignment1":"left","hero_alignment2":"center","hero_vertical_alignment":"center","878df3921d36f5f7834a2f50f2d62119":"","hero_structure":"narrow","c672b96ecc952ad64c8c2d7fdf1a61dc":"","page_title_bg_type":"featured_image","custom_hero_background":{"attachment_id":null},"parallax":{"desktop":false,"tablet":false,"mobile":false},"cc7bcd5456d7cac909e888486d83b616":"","hero_height":"250px","pageTitleFont":{"family":"Default","variation":"Default","size":{"desktop":"32px","tablet":"30px","mobile":"25px"},"line-height":"CT_CSS_SKIP_RULE","letter-spacing":"CT_CSS_SKIP_RULE","text-transform":"CT_CSS_SKIP_RULE","text-decoration":"CT_CSS_SKIP_RULE"},"pageTitleFontColor":{"default":{"color":"CT_CSS_SKIP_RULEDEFAULT"}},"pageMetaFont":{"family":"Default","variation":"n6","size":"12px","line-height":"1.3","letter-spacing":"CT_CSS_SKIP_RULE","text-transform":"uppercase","text-decoration":"CT_CSS_SKIP_RULE"},"pageMetaFontColor":{"default":{"color":"CT_CSS_SKIP_RULEDEFAULT"},"hover":{"color":"CT_CSS_SKIP_RULEDEFAULT"}},"pageExcerptFont":{"family":"Default","variation":"Default","size":"CT_CSS_SKIP_RULE","line-height":"CT_CSS_SKIP_RULE","letter-spacing":"CT_CSS_SKIP_RULE","text-transform":"CT_CSS_SKIP_RULE","text-decoration":"CT_CSS_SKIP_RULE"},"pageExcerptColor":{"default":{"color":"CT_CSS_SKIP_RULEDEFAULT"}},"breadcrumbsFont":{"family":"Default","variation":"n6","size":"12px","line-height":"CT_CSS_SKIP_RULE","letter-spacing":"CT_CSS_SKIP_RULE","text-transform":"uppercase","text-decoration":"CT_CSS_SKIP_RULE"},"breadcrumbsFontColor":{"default":{"color":"CT_CSS_SKIP_RULEDEFAULT"},"initial":{"color":"CT_CSS_SKIP_RULEDEFAULT"},"hover":{"color":"CT_CSS_SKIP_RULEDEFAULT"}},"pageTitleOverlay":{"default":{"color":"rgba(41, 51, 60, 0.2)"}},"pageTitleBackground":{"background_type":"color","background_pattern":"type-1","background_image":{"attachment_id":null,"x":0,"y":0},"background_repeat":"no-repeat","background_size":"auto","background_attachment":"scroll","patternColor":{"default":{"color":"#e5e7ea"}},"backgroundColor":{"default":{"color":"#EDEFF2"}}},"5384544efa2613b7222fa667fe0c3bd5":"","page_structure_type":"default","content_style":"inherit","vertical_spacing_source":"custom","content_area_spacing":"none","background":{"background_type":"color","background_pattern":"type-1","background_image":{"attachment_id":null,"x":0,"y":0},"background_repeat":"no-repeat","background_size":"auto","background_attachment":"scroll","patternColor":{"default":{"color":"#e5e7ea"}},"backgroundColor":{"default":{"color":"CT_CSS_SKIP_RULE"}}},"content_background":{"background_type":"color","background_pattern":"type-1","background_image":{"attachment_id":null,"x":0,"y":0},"background_repeat":"no-repeat","background_size":"auto","background_attachment":"scroll","patternColor":{"default":{"color":"#e5e7ea"}},"backgroundColor":{"default":{"color":"#ffffff"}}},"content_boxed_spacing":{"desktop":"40px","tablet":"35px","mobile":"20px"},"content_boxed_radius":{"top":"3px","bottom":"3px","left":"3px","right":"3px","linked":true},"content_boxed_shadow":{"blur":18,"spread":-6,"v_offset":12,"h_offset":0,"inset":false,"enable":true,"color":{"color":"rgba(34, 56, 101, 0.04)"}},"7b360c47770bb2bc7820037d1b7ccdae":"","disable_featured_image":"no","disable_header":"no","disable_footer":"no","styles_descriptor":{"styles":{"desktop":"","tablet":"","mobile":""},"google_fonts":[],"version":6}},"yoast_head":"<!-- This site is optimized with the Yoast SEO plugin v25.7 - https:\/\/yoast.com\/wordpress\/plugins\/seo\/ -->\n<title>About - Octasquare<\/title>\n<meta name=\"robots\" content=\"index, follow, max-snippet:-1, max-image-preview:large, max-video-preview:-1\" \/>\n<link rel=\"canonical\" href=\"https:\/\/www.8sq.io\/index.php\/about\/\" \/>\n<meta property=\"og:locale\" content=\"es_ES\" \/>\n<meta property=\"og:type\" content=\"article\" \/>\n<meta property=\"og:title\" content=\"About - Octasquare\" \/>\n<meta property=\"og:description\" content=\"Nuestra Historia Somos arquitectos de soluciones, gerentes de proyecto, desarrolladores. Nos encanta la tecnolog\u00eda Tenemos m\u00e1s de una d\u00e9cada en experiencias en variadas industrias, desde salud, hasta telecomunicaciones, produciendo soluciones y aprendiendo nuevas y variadas tecnolog\u00edas para mantenernos a la vanguardia Manos a la obra No siempre hay solo UN camino Un \u00fanico problema puede [&hellip;]\" \/>\n<meta property=\"og:url\" content=\"https:\/\/www.8sq.io\/index.php\/about\/\" \/>\n<meta property=\"og:site_name\" content=\"Octasquare\" \/>\n<meta property=\"article:modified_time\" content=\"2024-03-14T11:35:01+00:00\" \/>\n<meta property=\"og:image\" content=\"https:\/\/www.8sq.io\/wp-content\/uploads\/2020\/08\/jacqueline-day-1SapfOEZN2g-unsplash.png\" \/>\n<meta name=\"twitter:card\" content=\"summary_large_image\" \/>\n<meta name=\"twitter:label1\" content=\"Tiempo estimado de lectura\" \/>\n\t<meta name=\"twitter:data1\" content=\"1 minuto\" \/>\n<script type=\"application\/ld+json\" class=\"yoast-schema-graph\">{\"@context\":\"https:\/\/schema.org\",\"@graph\":[{\"@type\":\"WebPage\",\"@id\":\"https:\/\/www.8sq.io\/index.php\/about\/\",\"url\":\"https:\/\/www.8sq.io\/index.php\/about\/\",\"name\":\"About - Octasquare\",\"isPartOf\":{\"@id\":\"https:\/\/www.8sq.io\/#website\"},\"primaryImageOfPage\":{\"@id\":\"https:\/\/www.8sq.io\/index.php\/about\/#primaryimage\"},\"image\":{\"@id\":\"https:\/\/www.8sq.io\/index.php\/about\/#primaryimage\"},\"thumbnailUrl\":\"https:\/\/www.8sq.io\/wp-content\/uploads\/2020\/08\/jacqueline-day-1SapfOEZN2g-unsplash.png\",\"datePublished\":\"2020-08-17T14:42:04+00:00\",\"dateModified\":\"2024-03-14T11:35:01+00:00\",\"breadcrumb\":{\"@id\":\"https:\/\/www.8sq.io\/index.php\/about\/#breadcrumb\"},\"inLanguage\":\"es-CL\",\"potentialAction\":[{\"@type\":\"ReadAction\",\"target\":[\"https:\/\/www.8sq.io\/index.php\/about\/\"]}]},{\"@type\":\"ImageObject\",\"inLanguage\":\"es-CL\",\"@id\":\"https:\/\/www.8sq.io\/index.php\/about\/#primaryimage\",\"url\":\"https:\/\/www.8sq.io\/wp-content\/uploads\/2020\/08\/jacqueline-day-1SapfOEZN2g-unsplash.png\",\"contentUrl\":\"https:\/\/www.8sq.io\/wp-content\/uploads\/2020\/08\/jacqueline-day-1SapfOEZN2g-unsplash.png\",\"width\":580,\"height\":680},{\"@type\":\"BreadcrumbList\",\"@id\":\"https:\/\/www.8sq.io\/index.php\/about\/#breadcrumb\",\"itemListElement\":[{\"@type\":\"ListItem\",\"position\":1,\"name\":\"Portada\",\"item\":\"https:\/\/www.8sq.io\/\"},{\"@type\":\"ListItem\",\"position\":2,\"name\":\"About\"}]},{\"@type\":\"WebSite\",\"@id\":\"https:\/\/www.8sq.io\/#website\",\"url\":\"https:\/\/www.8sq.io\/\",\"name\":\"Octasquare\",\"description\":\"Development &amp; Consulting apoyo en implementaci\u00f3n de soluciones cloud, gesti\u00f3n de proyectos y m\u00e1s\",\"publisher\":{\"@id\":\"https:\/\/www.8sq.io\/#organization\"},\"potentialAction\":[{\"@type\":\"SearchAction\",\"target\":{\"@type\":\"EntryPoint\",\"urlTemplate\":\"https:\/\/www.8sq.io\/?s={search_term_string}\"},\"query-input\":{\"@type\":\"PropertyValueSpecification\",\"valueRequired\":true,\"valueName\":\"search_term_string\"}}],\"inLanguage\":\"es-CL\"},{\"@type\":\"Organization\",\"@id\":\"https:\/\/www.8sq.io\/#organization\",\"name\":\"Octasquare\",\"url\":\"https:\/\/www.8sq.io\/\",\"logo\":{\"@type\":\"ImageObject\",\"inLanguage\":\"es-CL\",\"@id\":\"https:\/\/www.8sq.io\/#\/schema\/logo\/image\/\",\"url\":\"https:\/\/www.8sq.io\/wp-content\/uploads\/2022\/04\/logo_8sq_sticky.png\",\"contentUrl\":\"https:\/\/www.8sq.io\/wp-content\/uploads\/2022\/04\/logo_8sq_sticky.png\",\"width\":271,\"height\":121,\"caption\":\"Octasquare\"},\"image\":{\"@id\":\"https:\/\/www.8sq.io\/#\/schema\/logo\/image\/\"}}]}<\/script>\n<!-- \/ Yoast SEO plugin. -->","yoast_head_json":{"title":"About - Octasquare","robots":{"index":"index","follow":"follow","max-snippet":"max-snippet:-1","max-image-preview":"max-image-preview:large","max-video-preview":"max-video-preview:-1"},"canonical":"https:\/\/www.8sq.io\/index.php\/about\/","og_locale":"es_ES","og_type":"article","og_title":"About - Octasquare","og_description":"Nuestra Historia Somos arquitectos de soluciones, gerentes de proyecto, desarrolladores. Nos encanta la tecnolog\u00eda Tenemos m\u00e1s de una d\u00e9cada en experiencias en variadas industrias, desde salud, hasta telecomunicaciones, produciendo soluciones y aprendiendo nuevas y variadas tecnolog\u00edas para mantenernos a la vanguardia Manos a la obra No siempre hay solo UN camino Un \u00fanico problema puede [&hellip;]","og_url":"https:\/\/www.8sq.io\/index.php\/about\/","og_site_name":"Octasquare","article_modified_time":"2024-03-14T11:35:01+00:00","og_image":[{"url":"https:\/\/www.8sq.io\/wp-content\/uploads\/2020\/08\/jacqueline-day-1SapfOEZN2g-unsplash.png","type":"","width":"","height":""}],"twitter_card":"summary_large_image","twitter_misc":{"Tiempo estimado de lectura":"1 minuto"},"schema":{"@context":"https:\/\/schema.org","@graph":[{"@type":"WebPage","@id":"https:\/\/www.8sq.io\/index.php\/about\/","url":"https:\/\/www.8sq.io\/index.php\/about\/","name":"About - Octasquare","isPartOf":{"@id":"https:\/\/www.8sq.io\/#website"},"primaryImageOfPage":{"@id":"https:\/\/www.8sq.io\/index.php\/about\/#primaryimage"},"image":{"@id":"https:\/\/www.8sq.io\/index.php\/about\/#primaryimage"},"thumbnailUrl":"https:\/\/www.8sq.io\/wp-content\/uploads\/2020\/08\/jacqueline-day-1SapfOEZN2g-unsplash.png","datePublished":"2020-08-17T14:42:04+00:00","dateModified":"2024-03-14T11:35:01+00:00","breadcrumb":{"@id":"https:\/\/www.8sq.io\/index.php\/about\/#breadcrumb"},"inLanguage":"es-CL","potentialAction":[{"@type":"ReadAction","target":["https:\/\/www.8sq.io\/index.php\/about\/"]}]},{"@type":"ImageObject","inLanguage":"es-CL","@id":"https:\/\/www.8sq.io\/index.php\/about\/#primaryimage","url":"https:\/\/www.8sq.io\/wp-content\/uploads\/2020\/08\/jacqueline-day-1SapfOEZN2g-unsplash.png","contentUrl":"https:\/\/www.8sq.io\/wp-content\/uploads\/2020\/08\/jacqueline-day-1SapfOEZN2g-unsplash.png","width":580,"height":680},{"@type":"BreadcrumbList","@id":"https:\/\/www.8sq.io\/index.php\/about\/#breadcrumb","itemListElement":[{"@type":"ListItem","position":1,"name":"Portada","item":"https:\/\/www.8sq.io\/"},{"@type":"ListItem","position":2,"name":"About"}]},{"@type":"WebSite","@id":"https:\/\/www.8sq.io\/#website","url":"https:\/\/www.8sq.io\/","name":"Octasquare","description":"Development &amp; Consulting apoyo en implementaci\u00f3n de soluciones cloud, gesti\u00f3n de proyectos y m\u00e1s","publisher":{"@id":"https:\/\/www.8sq.io\/#organization"},"potentialAction":[{"@type":"SearchAction","target":{"@type":"EntryPoint","urlTemplate":"https:\/\/www.8sq.io\/?s={search_term_string}"},"query-input":{"@type":"PropertyValueSpecification","valueRequired":true,"valueName":"search_term_string"}}],"inLanguage":"es-CL"},{"@type":"Organization","@id":"https:\/\/www.8sq.io\/#organization","name":"Octasquare","url":"https:\/\/www.8sq.io\/","logo":{"@type":"ImageObject","inLanguage":"es-CL","@id":"https:\/\/www.8sq.io\/#\/schema\/logo\/image\/","url":"https:\/\/www.8sq.io\/wp-content\/uploads\/2022\/04\/logo_8sq_sticky.png","contentUrl":"https:\/\/www.8sq.io\/wp-content\/uploads\/2022\/04\/logo_8sq_sticky.png","width":271,"height":121,"caption":"Octasquare"},"image":{"@id":"https:\/\/www.8sq.io\/#\/schema\/logo\/image\/"}}]}},"_links":{"self":[{"href":"https:\/\/www.8sq.io\/index.php\/wp-json\/wp\/v2\/pages\/215","targetHints":{"allow":["GET"]}}],"collection":[{"href":"https:\/\/www.8sq.io\/index.php\/wp-json\/wp\/v2\/pages"}],"about":[{"href":"https:\/\/www.8sq.io\/index.php\/wp-json\/wp\/v2\/types\/page"}],"author":[{"embeddable":true,"href":"https:\/\/www.8sq.io\/index.php\/wp-json\/wp\/v2\/users\/1"}],"replies":[{"embeddable":true,"href":"https:\/\/www.8sq.io\/index.php\/wp-json\/wp\/v2\/comments?post=215"}],"version-history":[{"count":15,"href":"https:\/\/www.8sq.io\/index.php\/wp-json\/wp\/v2\/pages\/215\/revisions"}],"predecessor-version":[{"id":962,"href":"https:\/\/www.8sq.io\/index.php\/wp-json\/wp\/v2\/pages\/215\/revisions\/962"}],"wp:attachment":[{"href":"https:\/\/www.8sq.io\/index.php\/wp-json\/wp\/v2\/media?parent=215"}],"curies":[{"name":"wp","href":"https:\/\/api.w.org\/{rel}","templated":true}]}}